{"id":1110,"date":"2021-03-09T07:58:21","date_gmt":"2021-03-09T07:58:21","guid":{"rendered":"https:\/\/blu-em.pl\/?page_id=1110"},"modified":"2021-05-25T10:46:22","modified_gmt":"2021-05-25T10:46:22","slug":"wycena","status":"publish","type":"page","link":"https:\/\/blu-em.pl\/en\/wycena\/","title":{"rendered":"ESTIMATE"},"content":{"rendered":"<div data-elementor-type=\"wp-page\" data-elementor-id=\"1110\" class=\"elementor elementor-1110\">\n\t\t\t\t\t\t<section class=\"elementor-section elementor-top-section elementor-element elementor-element-17793184 ct-section-stretched custom-header elementor-section-boxed elementor-section-height-default elementor-section-height-default\" data-id=\"17793184\" data-element_type=\"section\" data-e-type=\"section\" data-settings=\"{&quot;background_background&quot;:&quot;classic&quot;}\">\n\t\t\t\t\t\t\t<div class=\"elementor-background-overlay\"><\/div>\n\t\t\t\t\t\t\t<div class=\"elementor-container elementor-column-gap-default\">\n\t\t\t\t\t<div class=\"elementor-column elementor-col-50 elementor-top-column elementor-element elementor-element-28773359 elementor-hidden-tablet elementor-hidden-phone\" data-id=\"28773359\" data-element_type=\"column\" data-e-type=\"column\">\n\t\t\t<div class=\"elementor-widget-wrap\">\n\t\t\t\t\t\t\t<\/div>\n\t\t<\/div>\n\t\t\t\t<div class=\"elementor-column elementor-col-50 elementor-top-column elementor-element elementor-element-28ee0f9a\" data-id=\"28ee0f9a\" data-element_type=\"column\" data-e-type=\"column\">\n\t\t\t<div class=\"elementor-widget-wrap elementor-element-populated\">\n\t\t\t\t\t\t<div class=\"elementor-element elementor-element-f08ef15 elementor-widget elementor-widget-heading\" data-id=\"f08ef15\" data-element_type=\"widget\" data-e-type=\"widget\" data-widget_type=\"heading.default\">\n\t\t\t\t<div class=\"elementor-widget-container\">\n\t\t\t\t\t<h1 class=\"elementor-heading-title elementor-size-default\">ESTIMATE<\/h1>\t\t\t\t<\/div>\n\t\t\t\t<\/div>\n\t\t\t\t<div class=\"elementor-element elementor-element-a08cf20 elementor-widget elementor-widget-text-editor\" data-id=\"a08cf20\" data-element_type=\"widget\" data-e-type=\"widget\" data-widget_type=\"text-editor.default\">\n\t\t\t\t<div class=\"elementor-widget-container\">\n\t\t\t\t\t\t\t\t\t<p>Get a customized pricing to best match our services to your needs.<\/p>\t\t\t\t\t\t\t\t<\/div>\n\t\t\t\t<\/div>\n\t\t\t\t<section class=\"elementor-section elementor-inner-section elementor-element elementor-element-5d7bde8e elementor-section-boxed elementor-section-height-default elementor-section-height-default\" data-id=\"5d7bde8e\" data-element_type=\"section\" data-e-type=\"section\">\n\t\t\t\t\t\t<div class=\"elementor-container elementor-column-gap-default\">\n\t\t\t\t\t<div class=\"elementor-column elementor-col-100 elementor-inner-column elementor-element elementor-element-6b6820e5\" data-id=\"6b6820e5\" data-element_type=\"column\" data-e-type=\"column\">\n\t\t\t<div class=\"elementor-widget-wrap elementor-element-populated\">\n\t\t\t\t\t\t<div class=\"elementor-element elementor-element-125a56d4 elementor-mobile-align-center elementor-align-right elementor-widget elementor-widget-button\" data-id=\"125a56d4\" data-element_type=\"widget\" data-e-type=\"widget\" data-widget_type=\"button.default\">\n\t\t\t\t<div class=\"elementor-widget-container\">\n\t\t\t\t\t\t\t\t\t<div class=\"elementor-button-wrapper\">\n\t\t\t\t\t<a class=\"elementor-button elementor-button-link elementor-size-lg\" href=\"https:\/\/blu-em.pl\/en\/kontakt\/\">\n\t\t\t\t\t\t<span class=\"elementor-button-content-wrapper\">\n\t\t\t\t\t\t\t\t\t<span class=\"elementor-button-text\">CONTACT<\/span>\n\t\t\t\t\t<\/span>\n\t\t\t\t\t<\/a>\n\t\t\t\t<\/div>\n\t\t\t\t\t\t\t\t<\/div>\n\t\t\t\t<\/div>\n\t\t\t\t\t<\/div>\n\t\t<\/div>\n\t\t\t\t\t<\/div>\n\t\t<\/section>\n\t\t\t\t\t<\/div>\n\t\t<\/div>\n\t\t\t\t\t<\/div>\n\t\t<\/section>\n\t\t\t\t<section class=\"elementor-section elementor-top-section elementor-element elementor-element-2977f817 elementor-section-boxed elementor-section-height-default elementor-section-height-default\" data-id=\"2977f817\" data-element_type=\"section\" data-e-type=\"section\">\n\t\t\t\t\t\t<div class=\"elementor-container elementor-column-gap-no\">\n\t\t\t\t\t<div class=\"elementor-column elementor-col-100 elementor-top-column elementor-element elementor-element-4ab7147f\" data-id=\"4ab7147f\" data-element_type=\"column\" data-e-type=\"column\">\n\t\t\t<div class=\"elementor-widget-wrap elementor-element-populated\">\n\t\t\t\t\t\t<div class=\"elementor-element elementor-element-98a5dfc elementor-widget elementor-widget-spacer\" data-id=\"98a5dfc\" data-element_type=\"widget\" data-e-type=\"widget\" data-widget_type=\"spacer.default\">\n\t\t\t\t<div class=\"elementor-widget-container\">\n\t\t\t\t\t\t\t<div class=\"elementor-spacer\">\n\t\t\t<div class=\"elementor-spacer-inner\"><\/div>\n\t\t<\/div>\n\t\t\t\t\t\t<\/div>\n\t\t\t\t<\/div>\n\t\t\t\t\t<\/div>\n\t\t<\/div>\n\t\t\t\t\t<\/div>\n\t\t<\/section>\n\t\t\t\t<section class=\"elementor-section elementor-top-section elementor-element elementor-element-78642aa3 elementor-section-boxed elementor-section-height-default elementor-section-height-default\" data-id=\"78642aa3\" data-element_type=\"section\" data-e-type=\"section\">\n\t\t\t\t\t\t<div class=\"elementor-container elementor-column-gap-wider\">\n\t\t\t\t\t<div class=\"elementor-column elementor-col-100 elementor-top-column elementor-element elementor-element-6e036990\" data-id=\"6e036990\" data-element_type=\"column\" data-e-type=\"column\">\n\t\t\t<div class=\"elementor-widget-wrap elementor-element-populated\">\n\t\t\t\t\t\t<div class=\"elementor-element elementor-element-6739f5b6 elementor-widget elementor-widget-heading\" data-id=\"6739f5b6\" data-element_type=\"widget\" data-e-type=\"widget\" data-widget_type=\"heading.default\">\n\t\t\t\t<div class=\"elementor-widget-container\">\n\t\t\t\t\t<h2 class=\"elementor-heading-title elementor-size-default\">Free pricing<\/h2>\t\t\t\t<\/div>\n\t\t\t\t<\/div>\n\t\t\t\t<div class=\"elementor-element elementor-element-1d719f37 elementor-widget-divider--view-line elementor-widget elementor-widget-divider\" data-id=\"1d719f37\" data-element_type=\"widget\" data-e-type=\"widget\" data-widget_type=\"divider.default\">\n\t\t\t\t<div class=\"elementor-widget-container\">\n\t\t\t\t\t\t\t<div class=\"elementor-divider\">\n\t\t\t<span class=\"elementor-divider-separator\">\n\t\t\t\t\t\t<\/span>\n\t\t<\/div>\n\t\t\t\t\t\t<\/div>\n\t\t\t\t<\/div>\n\t\t\t\t<div class=\"elementor-element elementor-element-fd1016f elementor-widget elementor-widget-shortcode\" data-id=\"fd1016f\" data-element_type=\"widget\" data-e-type=\"widget\" data-widget_type=\"shortcode.default\">\n\t\t\t\t<div class=\"elementor-widget-container\">\n\t\t\t\t\t\t\t<div class=\"elementor-shortcode\">\n<div class=\"wpcf7 no-js\" id=\"wpcf7-f1109-o1\" lang=\"pl-PL\" dir=\"ltr\" data-wpcf7-id=\"1109\">\n<div class=\"screen-reader-response\"><p role=\"status\" aria-live=\"polite\" aria-atomic=\"true\"><\/p> <ul><\/ul><\/div>\n<form action=\"\/en\/wp-json\/wp\/v2\/pages\/1110#wpcf7-f1109-o1\" method=\"post\" class=\"wpcf7-form init\" aria-label=\"Formularz kontaktowy\" novalidate=\"novalidate\" data-status=\"init\" data-trp-original-action=\"\/en\/wp-json\/wp\/v2\/pages\/1110#wpcf7-f1109-o1\">\n<fieldset class=\"hidden-fields-container\"><input type=\"hidden\" name=\"_wpcf7\" value=\"1109\" \/><input type=\"hidden\" name=\"_wpcf7_version\" value=\"6.1.5\" \/><input type=\"hidden\" name=\"_wpcf7_locale\" value=\"pl_PL\" \/><input type=\"hidden\" name=\"_wpcf7_unit_tag\" value=\"wpcf7-f1109-o1\" \/><input type=\"hidden\" name=\"_wpcf7_container_post\" value=\"0\" \/><input type=\"hidden\" name=\"_wpcf7_posted_data_hash\" value=\"\" \/><input type=\"hidden\" name=\"_wpcf7_recaptcha_response\" value=\"\" \/>\n<\/fieldset>\n<div class=\"custom-d-flex\">\n\t<div class=\"wycena-div\">\n\t\t<p><label> First and last name<br \/>\n<span class=\"wpcf7-form-control-wrap\" data-name=\"your-name\"><input size=\"40\" maxlength=\"400\" class=\"wpcf7-form-control wpcf7-text wpcf7-validates-as-required\" aria-required=\"true\" aria-invalid=\"false\" value=\"\" type=\"text\" name=\"your-name\" \/><\/span> <\/label>\n\t\t<\/p>\n\t<\/div>\n\t<div class=\"wycena-div\">\n\t\t<p><label> Telephone<br \/>\n<span class=\"wpcf7-form-control-wrap\" data-name=\"your-phone\"><input size=\"40\" maxlength=\"400\" class=\"wpcf7-form-control wpcf7-tel wpcf7-validates-as-required wpcf7-text wpcf7-validates-as-tel\" aria-required=\"true\" aria-invalid=\"false\" value=\"\" type=\"tel\" name=\"your-phone\" \/><\/span> <\/label>\n\t\t<\/p>\n\t<\/div>\n<\/div>\n<div class=\"custom-d-flex\">\n\t<div class=\"wycena-div\">\n\t\t<p><label> Company<br \/>\n<span class=\"wpcf7-form-control-wrap\" data-name=\"your-company\"><input size=\"40\" maxlength=\"400\" class=\"wpcf7-form-control wpcf7-text wpcf7-validates-as-required\" aria-required=\"true\" aria-invalid=\"false\" value=\"\" type=\"text\" name=\"your-company\" \/><\/span> <\/label>\n\t\t<\/p>\n\t<\/div>\n\t<div class=\"wycena-div\">\n\t\t<p><label> Form of business conducted<br \/>\n<span class=\"wpcf7-form-control-wrap\" data-name=\"menu-758\"><select class=\"wpcf7-form-control wpcf7-select wpcf7-validates-as-required\" aria-required=\"true\" aria-invalid=\"false\" name=\"menu-758\"><option value=\"jednoosobowa dzia\u0142alno\u015b\u0107 gospodarcza\">sole proprietorship<\/option><option value=\"fundacja\">foundation<\/option><option value=\"sp\u00f3\u0142ka cywilna\">partnership<\/option><option value=\"sp\u00f3\u0142ka jawna\">general partnership<\/option><option value=\"sp\u00f3\u0142ka partnerska\">partnership<\/option><option value=\"sp\u00f3\u0142ka komandytowa\">limited partnership<\/option><option value=\"sp\u00f3\u0142ka komandytowo-akcyjna\">sp\u00f3\u0142ka komandytowo-akcyjna<\/option><option value=\"sp\u00f3\u0142ka z ograniczon\u0105 odpowiedzialno\u015bci\u0105\">private limited company<\/option><option value=\"sp\u00f3\u0142ka akcyjna\">sp\u00f3\u0142ka akcyjna<\/option><option value=\"stowarzyszenie\">association<\/option><option value=\"wsp\u00f3lnota mieszkaniowa\">wsp\u00f3lnota mieszkaniowa<\/option><\/select><\/span> <\/label>\n\t\t<\/p>\n\t<\/div>\n<\/div>\n<div class=\"custom-d-flex\">\n\t<div class=\"wycena-div\">\n\t\t<p><label> E-mail address<br \/>\n<span class=\"wpcf7-form-control-wrap\" data-name=\"your-email\"><input size=\"40\" maxlength=\"400\" class=\"wpcf7-form-control wpcf7-email wpcf7-validates-as-required wpcf7-text wpcf7-validates-as-email\" aria-required=\"true\" aria-invalid=\"false\" value=\"\" type=\"email\" name=\"your-email\" \/><\/span> <\/label>\n\t\t<\/p>\n\t<\/div>\n\t<div class=\"wycena-div\">\n\t\t<p><label> Form of taxation<br \/>\n<span class=\"wpcf7-form-control-wrap\" data-name=\"menu-759\"><select class=\"wpcf7-form-control wpcf7-select wpcf7-validates-as-required\" aria-required=\"true\" aria-invalid=\"false\" name=\"menu-759\"><option value=\"rycza\u0142t\">lump sum<\/option><option value=\"podatkowa ksi\u0105\u017cka przychod\u00f3w i rozchod\u00f3w\">income and expense tax book<\/option><option value=\"ksi\u0119gi handlowe\">business books<\/option><option value=\"karta podatkowa\">tax card<\/option><\/select><\/span> <\/label>\n\t\t<\/p>\n\t<\/div>\n<\/div>\n<div class=\"custom-d-flex\">\n\t<div class=\"wycena-div\">\n\t\t<p>VAT\/VAT_EU taxpayer:<br \/>\n<span class=\"wpcf7-form-control-wrap\" data-name=\"radio-205\"><span class=\"wpcf7-form-control wpcf7-radio\"><span class=\"wpcf7-list-item first\"><label><span class=\"wpcf7-list-item-label\">Yes<\/span><input type=\"radio\" name=\"radio-205\" value=\"Tak\" \/><\/label><\/span><span class=\"wpcf7-list-item last\"><label><span class=\"wpcf7-list-item-label\">No<\/span><input type=\"radio\" name=\"radio-205\" value=\"Nie\" \/><\/label><\/span><\/span><\/span>\n\t\t<\/p>\n\t<\/div>\n\t<div class=\"wycena-div\">\n\t\t<p>Maintenance of personnel files<br \/>\n<span class=\"wpcf7-form-control-wrap\" data-name=\"radio-206\"><span class=\"wpcf7-form-control wpcf7-radio\"><span class=\"wpcf7-list-item first\"><label><span class=\"wpcf7-list-item-label\">Yes<\/span><input type=\"radio\" name=\"radio-206\" value=\"Tak\" \/><\/label><\/span><span class=\"wpcf7-list-item last\"><label><span class=\"wpcf7-list-item-label\">No<\/span><input type=\"radio\" name=\"radio-206\" value=\"Nie\" \/><\/label><\/span><\/span><\/span>\n\t\t<\/p>\n\t<\/div>\n<\/div>\n<div class=\"custom-d-flex\">\n\t<div class=\"wycena-div\">\n\t\t<p><label> Ilo\u015b\u0107 pracownik\u00f3w i zleceniobiorc\u00f3w<br \/>\n<span class=\"wpcf7-form-control-wrap\" data-name=\"your-workers\"><input size=\"40\" maxlength=\"400\" class=\"wpcf7-form-control wpcf7-text wpcf7-validates-as-required\" aria-required=\"true\" aria-invalid=\"false\" value=\"\" type=\"text\" name=\"your-workers\" \/><\/span> <\/label>\n\t\t<\/p>\n\t<\/div>\n\t<div class=\"wycena-div\">\n\t\t<p><label> The number of principals<br \/>\n<span class=\"wpcf7-form-control-wrap\" data-name=\"your-clients\"><input size=\"40\" maxlength=\"400\" class=\"wpcf7-form-control wpcf7-text wpcf7-validates-as-required\" aria-required=\"true\" aria-invalid=\"false\" value=\"\" type=\"text\" name=\"your-clients\" \/><\/span> <\/label>\n\t\t<\/p>\n\t<\/div>\n<\/div>\n<div class=\"custom-d-flex\">\n\t<div class=\"wycena-div\">\n\t\t<p><label> Sector<br \/>\n<span class=\"wpcf7-form-control-wrap\" data-name=\"menu-760\"><select class=\"wpcf7-form-control wpcf7-select wpcf7-validates-as-required\" aria-required=\"true\" aria-invalid=\"false\" name=\"menu-760\"><option value=\"gastronomia\">gastronomy<\/option><option value=\"transport\">transportation<\/option><option value=\"us\u0142ugi budowlane\">construction services<\/option><option value=\"us\u0142ugi informatyczne\">us\u0142ugi informatyczne<\/option><option value=\"us\u0142ugi medyczne\">us\u0142ugi medyczne<\/option><option value=\"us\u0142ugi naprawy pojazd\u00f3w\">us\u0142ugi naprawy pojazd\u00f3w<\/option><option value=\"produkcja\">produkcja<\/option><option value=\"us\u0142ugi kosmetyczne\/fryzjerskie\">us\u0142ugi kosmetyczne\/fryzjerskie<\/option><option value=\"szkolenia\">szkolenia<\/option><option value=\"ubezpieczenia\">ubezpieczenia<\/option><option value=\"deweloperka\">deweloperka<\/option><option value=\"inne\">others<\/option><\/select><\/span> <\/label>\n\t\t<\/p>\n\t<\/div>\n\t<div class=\"wycena-div\">\n\t\t<p><label> Number of revenue and expense documents per month:<br \/>\n<span class=\"wpcf7-form-control-wrap\" data-name=\"menu-761\"><select class=\"wpcf7-form-control wpcf7-select wpcf7-validates-as-required\" aria-required=\"true\" aria-invalid=\"false\" name=\"menu-761\"><option value=\"do 30 dokument\u00f3w\">up to 30 documents<\/option><option value=\"30-60 dokument\u00f3w\">30-60 documents<\/option><option value=\"60-100 dokument\u00f3w\">60-100 documents<\/option><option value=\"powy\u017cej 100 dokument\u00f3w\">more than 100 documents<\/option><\/select><\/span> <\/label>\n\t\t<\/p>\n\t<\/div>\n<\/div>\n<p>Additional information<br \/>\n<span class=\"wpcf7-form-control-wrap\" data-name=\"checkbox-785\"><span class=\"wpcf7-form-control wpcf7-checkbox\"><span class=\"wpcf7-list-item first\"><label><span class=\"wpcf7-list-item-label\">Accounting documents in foreign currency<\/span><input type=\"checkbox\" name=\"checkbox-785[]\" value=\"Dokumenty ksi\u0119gowe w walucie obcej\" \/><\/label><\/span><span class=\"wpcf7-list-item\"><label><span class=\"wpcf7-list-item-label\">WNT<\/span><input type=\"checkbox\" name=\"checkbox-785[]\" value=\"WNT\" \/><\/label><\/span><span class=\"wpcf7-list-item\"><label><span class=\"wpcf7-list-item-label\">WDT<\/span><input type=\"checkbox\" name=\"checkbox-785[]\" value=\"WDT\" \/><\/label><\/span><span class=\"wpcf7-list-item\"><label><span class=\"wpcf7-list-item-label\">Import of goods<\/span><input type=\"checkbox\" name=\"checkbox-785[]\" value=\"Import towar\u00f3w\" \/><\/label><\/span><span class=\"wpcf7-list-item last\"><label><span class=\"wpcf7-list-item-label\">Import of services<\/span><input type=\"checkbox\" name=\"checkbox-785[]\" value=\"Import us\u0142ug\" \/><\/label><\/span><\/span><\/span>\n<\/p>\n<p><span class=\"wpcf7-form-control-wrap\" data-name=\"acceptance-916\"><span class=\"wpcf7-form-control wpcf7-acceptance\"><span class=\"wpcf7-list-item\"><label><input type=\"checkbox\" name=\"acceptance-916\" value=\"1\" aria-invalid=\"false\" \/><span class=\"wpcf7-list-item-label\">Wyra\u017cam zgod\u0119 na otrzymywanie drog\u0105 elektroniczn\u0105 na wskazany przeze mnie adres e-mail informacji handlowej w rozumieniu art. 10 ust. 1 ustawy z dnia 18 lipca 2002 roku o \u015bwiadczeniu us\u0142ug drog\u0105 elektroniczn\u0105 od BLU-eM Ksi\u0119gowo\u015b\u0107 Monika B\u0142aszkiewicz. Wyra\u017cam zgod\u0119 na przetwarzanie moich danych osobowych w rozumieniu ustawy z dnia 29 sierpnia 1997 roku o ochronie danych osobowych oraz ustawy z dnia 16 lipca 2004 roku Prawo telekomunikacyjne w celach marketingowych przez BLU-eM Ksi\u0119gowo\u015b\u0107 Monika B\u0142aszkiewicz i o\u015bwiadczam, i\u017c podanie przeze mnie danych osobowych jest dobrowolne oraz i\u017c zosta\u0142em poinformowany o prawie \u017c\u0105dania dost\u0119pu do moich danych osobowych, ich zmiany oraz usuni\u0119cia.<\/span><\/label><\/span><\/span><\/span>\n<\/p>\n<p><span id=\"wpcf7-69e2eee4c0070-wrapper\" class=\"wpcf7-form-control-wrap honeypot-105-wrap\" style=\"display:none !important; visibility:hidden !important;\"><label for=\"wpcf7-69e2eee4c0070-field\" class=\"hp-message\">Please leave this field empty.<\/label><input id=\"wpcf7-69e2eee4c0070-field\"  class=\"wpcf7-form-control wpcf7-text\" type=\"text\" name=\"honeypot-105\" value=\"\" size=\"40\" tabindex=\"-1\" autocomplete=\"new-password\" \/><\/span>\n<\/p>\n<p><input class=\"wpcf7-form-control wpcf7-submit has-spinner\" type=\"submit\" value=\"Send\" \/>\n<\/p><div class=\"wpcf7-response-output\" aria-hidden=\"true\"><\/div>\n<input type=\"hidden\" name=\"trp-form-language\" value=\"en\"\/><\/form>\n<\/div>\n<\/div>\n\t\t\t\t\t\t<\/div>\n\t\t\t\t<\/div>\n\t\t\t\t\t<\/div>\n\t\t<\/div>\n\t\t\t\t\t<\/div>\n\t\t<\/section>\n\t\t\t\t<section class=\"elementor-section elementor-top-section elementor-element elementor-element-2d09c5bb elementor-section-boxed elementor-section-height-default elementor-section-height-default\" data-id=\"2d09c5bb\" data-element_type=\"section\" data-e-type=\"section\">\n\t\t\t\t\t\t<div class=\"elementor-container elementor-column-gap-no\">\n\t\t\t\t\t<div class=\"elementor-column elementor-col-100 elementor-top-column elementor-element elementor-element-123b9b3c\" data-id=\"123b9b3c\" data-element_type=\"column\" data-e-type=\"column\">\n\t\t\t<div class=\"elementor-widget-wrap elementor-element-populated\">\n\t\t\t\t\t\t<div class=\"elementor-element elementor-element-1b40dabc elementor-widget elementor-widget-spacer\" data-id=\"1b40dabc\" data-element_type=\"widget\" data-e-type=\"widget\" data-widget_type=\"spacer.default\">\n\t\t\t\t<div class=\"elementor-widget-container\">\n\t\t\t\t\t\t\t<div class=\"elementor-spacer\">\n\t\t\t<div class=\"elementor-spacer-inner\"><\/div>\n\t\t<\/div>\n\t\t\t\t\t\t<\/div>\n\t\t\t\t<\/div>\n\t\t\t\t\t<\/div>\n\t\t<\/div>\n\t\t\t\t\t<\/div>\n\t\t<\/section>\n\t\t\t\t<section class=\"elementor-section elementor-top-section elementor-element elementor-element-46c05cd3 elementor-section-boxed elementor-section-height-default elementor-section-height-default\" data-id=\"46c05cd3\" data-element_type=\"section\" data-e-type=\"section\" data-settings=\"{&quot;background_background&quot;:&quot;classic&quot;}\">\n\t\t\t\t\t\t<div class=\"elementor-container elementor-column-gap-default\">\n\t\t\t\t\t<div class=\"elementor-column elementor-col-100 elementor-top-column elementor-element elementor-element-57c9add5\" data-id=\"57c9add5\" data-element_type=\"column\" data-e-type=\"column\">\n\t\t\t<div class=\"elementor-widget-wrap elementor-element-populated\">\n\t\t\t\t\t\t<div class=\"elementor-element elementor-element-7d6ced40 elementor-widget elementor-widget-heading\" data-id=\"7d6ced40\" data-element_type=\"widget\" data-e-type=\"widget\" data-widget_type=\"heading.default\">\n\t\t\t\t<div class=\"elementor-widget-container\">\n\t\t\t\t\t<h3 class=\"elementor-heading-title elementor-size-default\">Move your accounting to us! We will meet your expectations.\n<\/h3>\t\t\t\t<\/div>\n\t\t\t\t<\/div>\n\t\t\t\t<div class=\"elementor-element elementor-element-fa5f9b1 elementor-widget elementor-widget-button\" data-id=\"fa5f9b1\" data-element_type=\"widget\" data-e-type=\"widget\" data-widget_type=\"button.default\">\n\t\t\t\t<div class=\"elementor-widget-container\">\n\t\t\t\t\t\t\t\t\t<div class=\"elementor-button-wrapper\">\n\t\t\t\t\t<a class=\"elementor-button elementor-button-link elementor-size-lg\" href=\"https:\/\/blu-em.pl\/en\/kontakt\/\">\n\t\t\t\t\t\t<span class=\"elementor-button-content-wrapper\">\n\t\t\t\t\t\t\t\t\t<span class=\"elementor-button-text\">Get in touch with us!<\/span>\n\t\t\t\t\t<\/span>\n\t\t\t\t\t<\/a>\n\t\t\t\t<\/div>\n\t\t\t\t\t\t\t\t<\/div>\n\t\t\t\t<\/div>\n\t\t\t\t\t<\/div>\n\t\t<\/div>\n\t\t\t\t\t<\/div>\n\t\t<\/section>\n\t\t\t\t<section class=\"elementor-section elementor-top-section elementor-element elementor-element-cb980be ct-section-stretched elementor-section-boxed elementor-section-height-default elementor-section-height-default\" data-id=\"cb980be\" data-element_type=\"section\" data-e-type=\"section\" data-settings=\"{&quot;background_background&quot;:&quot;classic&quot;}\">\n\t\t\t\t\t\t<div class=\"elementor-container elementor-column-gap-no\">\n\t\t\t\t\t<div class=\"elementor-column elementor-col-100 elementor-top-column elementor-element elementor-element-30669cb\" data-id=\"30669cb\" data-element_type=\"column\" data-e-type=\"column\">\n\t\t\t<div class=\"elementor-widget-wrap elementor-element-populated\">\n\t\t\t\t\t\t<div class=\"elementor-element elementor-element-49def1a9 elementor-widget elementor-widget-spacer\" data-id=\"49def1a9\" data-element_type=\"widget\" data-e-type=\"widget\" data-widget_type=\"spacer.default\">\n\t\t\t\t<div class=\"elementor-widget-container\">\n\t\t\t\t\t\t\t<div class=\"elementor-spacer\">\n\t\t\t<div class=\"elementor-spacer-inner\"><\/div>\n\t\t<\/div>\n\t\t\t\t\t\t<\/div>\n\t\t\t\t<\/div>\n\t\t\t\t\t<\/div>\n\t\t<\/div>\n\t\t\t\t\t<\/div>\n\t\t<\/section>\n\t\t\t\t<section class=\"elementor-section elementor-top-section elementor-element elementor-element-448077e2 ct-section-stretched elementor-section-boxed elementor-section-height-default elementor-section-height-default\" data-id=\"448077e2\" data-element_type=\"section\" data-e-type=\"section\" data-settings=\"{&quot;background_background&quot;:&quot;classic&quot;}\">\n\t\t\t\t\t\t<div class=\"elementor-container elementor-column-gap-no\">\n\t\t\t\t\t<div class=\"elementor-column elementor-col-100 elementor-top-column elementor-element elementor-element-5b5940c7\" data-id=\"5b5940c7\" data-element_type=\"column\" data-e-type=\"column\">\n\t\t\t<div class=\"elementor-widget-wrap elementor-element-populated\">\n\t\t\t\t\t\t<div class=\"elementor-element elementor-element-34a14d3e elementor-widget elementor-widget-spacer\" data-id=\"34a14d3e\" data-element_type=\"widget\" data-e-type=\"widget\" data-widget_type=\"spacer.default\">\n\t\t\t\t<div class=\"elementor-widget-container\">\n\t\t\t\t\t\t\t<div class=\"elementor-spacer\">\n\t\t\t<div class=\"elementor-spacer-inner\"><\/div>\n\t\t<\/div>\n\t\t\t\t\t\t<\/div>\n\t\t\t\t<\/div>\n\t\t\t\t<div class=\"elementor-element elementor-element-55687c43 elementor-widget elementor-widget-image\" data-id=\"55687c43\" data-element_type=\"widget\" data-e-type=\"widget\" data-widget_type=\"image.default\">\n\t\t\t\t<div class=\"elementor-widget-container\">\n\t\t\t\t\t\t\t\t\t\t\t\t\t\t\t<img fetchpriority=\"high\" decoding=\"async\" width=\"768\" height=\"256\" src=\"https:\/\/blu-em.pl\/wp-content\/uploads\/2021\/05\/footer-new-banner-768x256.png\" class=\"attachment-medium_large size-medium_large wp-image-1531\" alt=\"\" srcset=\"https:\/\/blu-em.pl\/wp-content\/uploads\/2021\/05\/footer-new-banner-768x256.png 768w, https:\/\/blu-em.pl\/wp-content\/uploads\/2021\/05\/footer-new-banner-300x100.png 300w, https:\/\/blu-em.pl\/wp-content\/uploads\/2021\/05\/footer-new-banner.png 990w\" sizes=\"(max-width: 768px) 100vw, 768px\" \/>\t\t\t\t\t\t\t\t\t\t\t\t\t\t\t<\/div>\n\t\t\t\t<\/div>\n\t\t\t\t\t<\/div>\n\t\t<\/div>\n\t\t\t\t\t<\/div>\n\t\t<\/section>\n\t\t\t\t<\/div>","protected":false},"excerpt":{"rendered":"<p>Wycena Skorzystaj z indywidualnej wyceny, aby w jak najlepszy spos\u00f3b dopasowa\u0107 nasze us\u0142ugi do Twoich potrzeb. Kontakt Darmowa wycena Przenie\u015b swoj\u0105 ksi\u0119gowo\u015b\u0107 do nas! Wyjdziemy na przeciw Twoim oczekiwaniom. Skontaktuj si\u0119 z nami<\/p>","protected":false},"author":1,"featured_media":0,"parent":0,"menu_order":0,"comment_status":"closed","ping_status":"closed","template":"","meta":{"footnotes":""},"class_list":["post-1110","page","type-page","status-publish","hentry"],"blocksy_meta":{"styles_descriptor":{"styles":{"desktop":"","tablet":"","mobile":""},"google_fonts":[]}},"_links":{"self":[{"href":"https:\/\/blu-em.pl\/en\/wp-json\/wp\/v2\/pages\/1110","targetHints":{"allow":["GET"]}}],"collection":[{"href":"https:\/\/blu-em.pl\/en\/wp-json\/wp\/v2\/pages"}],"about":[{"href":"https:\/\/blu-em.pl\/en\/wp-json\/wp\/v2\/types\/page"}],"author":[{"embeddable":true,"href":"https:\/\/blu-em.pl\/en\/wp-json\/wp\/v2\/users\/1"}],"replies":[{"embeddable":true,"href":"https:\/\/blu-em.pl\/en\/wp-json\/wp\/v2\/comments?post=1110"}],"version-history":[{"count":40,"href":"https:\/\/blu-em.pl\/en\/wp-json\/wp\/v2\/pages\/1110\/revisions"}],"predecessor-version":[{"id":1563,"href":"https:\/\/blu-em.pl\/en\/wp-json\/wp\/v2\/pages\/1110\/revisions\/1563"}],"wp:attachment":[{"href":"https:\/\/blu-em.pl\/en\/wp-json\/wp\/v2\/media?parent=1110"}],"curies":[{"name":"wp","href":"https:\/\/api.w.org\/{rel}","templated":true}]}}