{"id":3,"date":"2021-02-10T09:43:59","date_gmt":"2021-02-10T09:43:59","guid":{"rendered":"https:\/\/blu-em.pl\/?page_id=3"},"modified":"2021-03-11T20:25:19","modified_gmt":"2021-03-11T20:25:19","slug":"polityka-prywatnosci","status":"publish","type":"page","link":"https:\/\/blu-em.pl\/en\/polityka-prywatnosci\/","title":{"rendered":"Privacy policy"},"content":{"rendered":"<p><\/p>\n\n\n\n<h3 class=\"wp-block-heading\">Privacy policy<\/h3>\n\n\n\n<p>Ciasteczka s\u0105 to pliki umo\u017cliwiaj\u0105ce przechowywanie informacji lub uzyskanie dost\u0119pu do informacji ju\u017c wcze\u015bniej zachowanej w urz\u0105dzeniu ko\u0144cowym U\u017cytkownika. Ciasteczka najcz\u0119\u015bciej zawieraj\u0105 nazw\u0119 strony internetowej, z kt\u00f3rej pochodz\u0105, czas przechowywania ich na urz\u0105dzeniu ko\u0144cowym oraz unikalny numer.<\/p>\n\n\n\n<h3 class=\"wp-block-heading\">Wykorzystywanie ciasteczek<\/h3>\n\n\n\n<p>Nasza strona internetowa u\u017cywa ciasteczek, kt\u00f3re wykorzystywane s\u0105 mi\u0119dzy innymi do zapami\u0119tywania preferencji U\u017cytkownika, w celach statystycznych, bezpiecze\u0144stwa oraz prawid\u0142owego dzia\u0142ania naszego serwisu. Ciasteczka nie przechowuj\u0105 danych osobowych.<\/p>\n\n\n\n<h3 class=\"wp-block-heading\">Wy\u0142\u0105czenie ciasteczek<\/h3>\n\n\n\n<p>Przegl\u0105darka internetowa domy\u015blnie zezwala na przechowywanie ciasteczek w urz\u0105dzeniu ko\u0144cowym u\u017cytkownika. U\u017cytkownicy serwisu mog\u0105 dokona\u0107 w ka\u017cdym czasie zmiany ustawie\u0144 dotycz\u0105cych ciasteczek w ustawieniach przegl\u0105darki internetowej. Zmiana mo\u017ce dotyczy\u0107: automatycznej blokady obs\u0142ugi ciasteczek, wymuszenia ka\u017cdorazowo zgody na przechowanie informacji. W\u0142\u0105czenie blokady obs\u0142ugi plik\u00f3w cookie mo\u017ce spowodowa\u0107 utrudnienia w korzystaniu z serwisu.<\/p>","protected":false},"excerpt":{"rendered":"<p>Polityka prywatno\u015bci Ciasteczka s\u0105 to pliki umo\u017cliwiaj\u0105ce przechowywanie informacji lub uzyskanie dost\u0119pu do informacji ju\u017c wcze\u015bniej zachowanej w urz\u0105dzeniu ko\u0144cowym U\u017cytkownika. Ciasteczka najcz\u0119\u015bciej zawieraj\u0105 nazw\u0119 strony internetowej, z kt\u00f3rej pochodz\u0105, czas przechowywania ich na urz\u0105dzeniu ko\u0144cowym oraz unikalny numer. Wykorzystywanie ciasteczek Nasza strona internetowa u\u017cywa ciasteczek, kt\u00f3re wykorzystywane s\u0105 mi\u0119dzy innymi do zapami\u0119tywania preferencji U\u017cytkownika, [&hellip;]<\/p>\n","protected":false},"author":1,"featured_media":0,"parent":0,"menu_order":0,"comment_status":"closed","ping_status":"closed","template":"","meta":{"footnotes":""},"class_list":["post-3","page","type-page","status-publish","hentry"],"blocksy_meta":{"styles_descriptor":{"styles":{"desktop":"","tablet":"","mobile":""},"google_fonts":[]}},"_links":{"self":[{"href":"https:\/\/blu-em.pl\/en\/wp-json\/wp\/v2\/pages\/3","targetHints":{"allow":["GET"]}}],"collection":[{"href":"https:\/\/blu-em.pl\/en\/wp-json\/wp\/v2\/pages"}],"about":[{"href":"https:\/\/blu-em.pl\/en\/wp-json\/wp\/v2\/types\/page"}],"author":[{"embeddable":true,"href":"https:\/\/blu-em.pl\/en\/wp-json\/wp\/v2\/users\/1"}],"replies":[{"embeddable":true,"href":"https:\/\/blu-em.pl\/en\/wp-json\/wp\/v2\/comments?post=3"}],"version-history":[{"count":3,"href":"https:\/\/blu-em.pl\/en\/wp-json\/wp\/v2\/pages\/3\/revisions"}],"predecessor-version":[{"id":1476,"href":"https:\/\/blu-em.pl\/en\/wp-json\/wp\/v2\/pages\/3\/revisions\/1476"}],"wp:attachment":[{"href":"https:\/\/blu-em.pl\/en\/wp-json\/wp\/v2\/media?parent=3"}],"curies":[{"name":"wp","href":"https:\/\/api.w.org\/{rel}","templated":true}]}}